{"id":16,"date":"2021-04-15T18:22:12","date_gmt":"2021-04-15T18:22:12","guid":{"rendered":"http:\/\/lis33.pl\/?page_id=16"},"modified":"2026-02-21T07:07:06","modified_gmt":"2026-02-21T07:07:06","slug":"o-nas","status":"publish","type":"page","link":"http:\/\/lis33.pl\/index.php\/o-nas\/","title":{"rendered":"Zarz\u0105d i funkcyjni"},"content":{"rendered":"\n<h2 class=\"wp-block-heading\">Zarz\u0105d Ko\u0142a<\/h2>\n\n\n\n<figure class=\"wp-block-gallery has-nested-images columns-5 is-cropped wp-block-gallery-1 is-layout-flex wp-block-gallery-is-layout-flex\">\n<figure class=\"wp-block-image size-large\"><img loading=\"lazy\" decoding=\"async\" width=\"769\" height=\"1024\" data-id=\"123\" src=\"http:\/\/lis33.pl\/wp-content\/uploads\/2021\/04\/Benet-Lech-769x1024.jpg\" alt=\"\" class=\"wp-image-123\" srcset=\"http:\/\/lis33.pl\/wp-content\/uploads\/2021\/04\/Benet-Lech-769x1024.jpg 769w, http:\/\/lis33.pl\/wp-content\/uploads\/2021\/04\/Benet-Lech-225x300.jpg 225w, http:\/\/lis33.pl\/wp-content\/uploads\/2021\/04\/Benet-Lech-768x1023.jpg 768w, http:\/\/lis33.pl\/wp-content\/uploads\/2021\/04\/Benet-Lech.jpg 901w\" sizes=\"(max-width: 769px) 100vw, 769px\" \/><figcaption class=\"wp-element-caption\">Lech Benet Prezes Ko\u0142a<\/figcaption><\/figure>\n\n\n\n<figure class=\"wp-block-image size-large\"><img loading=\"lazy\" decoding=\"async\" width=\"802\" height=\"1024\" data-id=\"1489\" src=\"http:\/\/lis33.pl\/wp-content\/uploads\/2023\/06\/fb6297a8-add5-4909-9c2b-1abdda9c044c-1-802x1024.jpg\" alt=\"\" class=\"wp-image-1489\" srcset=\"http:\/\/lis33.pl\/wp-content\/uploads\/2023\/06\/fb6297a8-add5-4909-9c2b-1abdda9c044c-1-802x1024.jpg 802w, http:\/\/lis33.pl\/wp-content\/uploads\/2023\/06\/fb6297a8-add5-4909-9c2b-1abdda9c044c-1-235x300.jpg 235w, http:\/\/lis33.pl\/wp-content\/uploads\/2023\/06\/fb6297a8-add5-4909-9c2b-1abdda9c044c-1-768x981.jpg 768w, http:\/\/lis33.pl\/wp-content\/uploads\/2023\/06\/fb6297a8-add5-4909-9c2b-1abdda9c044c-1.jpg 1191w\" sizes=\"(max-width: 802px) 100vw, 802px\" \/><figcaption class=\"wp-element-caption\">S\u0142awomir Dudziak \u0141owczy<\/figcaption><\/figure>\n\n\n\n<figure class=\"wp-block-image size-large\"><img loading=\"lazy\" decoding=\"async\" width=\"770\" height=\"1024\" data-id=\"487\" src=\"http:\/\/lis33.pl\/wp-content\/uploads\/2021\/09\/Jacek-Bednarski-770x1024.jpg\" alt=\"Jacek Bednarski Sekretarz\" class=\"wp-image-487\" srcset=\"http:\/\/lis33.pl\/wp-content\/uploads\/2021\/09\/Jacek-Bednarski-770x1024.jpg 770w, http:\/\/lis33.pl\/wp-content\/uploads\/2021\/09\/Jacek-Bednarski-226x300.jpg 226w, http:\/\/lis33.pl\/wp-content\/uploads\/2021\/09\/Jacek-Bednarski-768x1022.jpg 768w, http:\/\/lis33.pl\/wp-content\/uploads\/2021\/09\/Jacek-Bednarski.jpg 902w\" sizes=\"(max-width: 770px) 100vw, 770px\" \/><figcaption class=\"wp-element-caption\">Jacek Bednarski Sekretarz<\/figcaption><\/figure>\n\n\n\n<figure class=\"wp-block-image size-large\"><img loading=\"lazy\" decoding=\"async\" width=\"684\" height=\"1024\" data-id=\"153\" src=\"http:\/\/lis33.pl\/wp-content\/uploads\/2021\/04\/Sidor-Marek-684x1024.jpg\" alt=\"\" class=\"wp-image-153\" srcset=\"http:\/\/lis33.pl\/wp-content\/uploads\/2021\/04\/Sidor-Marek-684x1024.jpg 684w, http:\/\/lis33.pl\/wp-content\/uploads\/2021\/04\/Sidor-Marek-201x300.jpg 201w, http:\/\/lis33.pl\/wp-content\/uploads\/2021\/04\/Sidor-Marek-768x1149.jpg 768w, http:\/\/lis33.pl\/wp-content\/uploads\/2021\/04\/Sidor-Marek.jpg 802w\" sizes=\"(max-width: 684px) 100vw, 684px\" \/><figcaption class=\"wp-element-caption\">Marek Sidor Skarbnik<\/figcaption><\/figure>\n\n\n\n<figure class=\"wp-block-image size-large\"><img loading=\"lazy\" decoding=\"async\" width=\"771\" height=\"1024\" data-id=\"126\" src=\"http:\/\/lis33.pl\/wp-content\/uploads\/2021\/04\/Dejko-Jacek-771x1024.jpg\" alt=\"\" class=\"wp-image-126\" srcset=\"http:\/\/lis33.pl\/wp-content\/uploads\/2021\/04\/Dejko-Jacek-771x1024.jpg 771w, http:\/\/lis33.pl\/wp-content\/uploads\/2021\/04\/Dejko-Jacek-226x300.jpg 226w, http:\/\/lis33.pl\/wp-content\/uploads\/2021\/04\/Dejko-Jacek-768x1019.jpg 768w, http:\/\/lis33.pl\/wp-content\/uploads\/2021\/04\/Dejko-Jacek.jpg 904w\" sizes=\"(max-width: 771px) 100vw, 771px\" \/><figcaption class=\"wp-element-caption\">Jacek Dejko Specjalista  d.s.  szk\u00f3d \u0142owieckich<\/figcaption><\/figure>\n<\/figure>\n\n\n\n<h2 class=\"wp-block-heading\">Komisja Rewizyjna<\/h2>\n\n\n\n<figure class=\"wp-block-gallery has-nested-images columns-3 is-cropped wp-block-gallery-2 is-layout-flex wp-block-gallery-is-layout-flex\">\n<figure class=\"wp-block-image size-medium\"><img loading=\"lazy\" decoding=\"async\" width=\"225\" height=\"300\" data-id=\"140\" src=\"http:\/\/lis33.pl\/wp-content\/uploads\/2021\/04\/Lipski-Bogdan-225x300.jpg\" alt=\"\" class=\"wp-image-140\" srcset=\"http:\/\/lis33.pl\/wp-content\/uploads\/2021\/04\/Lipski-Bogdan-225x300.jpg 225w, http:\/\/lis33.pl\/wp-content\/uploads\/2021\/04\/Lipski-Bogdan-768x1024.jpg 768w, http:\/\/lis33.pl\/wp-content\/uploads\/2021\/04\/Lipski-Bogdan.jpg 800w\" sizes=\"(max-width: 225px) 100vw, 225px\" \/><figcaption class=\"wp-element-caption\">Bogdan Lipski Przewodnicz\u0105cy<\/figcaption><\/figure>\n\n\n\n<figure class=\"wp-block-image size-medium\"><img loading=\"lazy\" decoding=\"async\" width=\"225\" height=\"300\" data-id=\"137\" src=\"http:\/\/lis33.pl\/wp-content\/uploads\/2021\/04\/Kukier-Kazimierz-225x300.jpg\" alt=\"\" class=\"wp-image-137\" srcset=\"http:\/\/lis33.pl\/wp-content\/uploads\/2021\/04\/Kukier-Kazimierz-225x300.jpg 225w, http:\/\/lis33.pl\/wp-content\/uploads\/2021\/04\/Kukier-Kazimierz-769x1024.jpg 769w, http:\/\/lis33.pl\/wp-content\/uploads\/2021\/04\/Kukier-Kazimierz-768x1023.jpg 768w, http:\/\/lis33.pl\/wp-content\/uploads\/2021\/04\/Kukier-Kazimierz.jpg 901w\" sizes=\"(max-width: 225px) 100vw, 225px\" \/><figcaption class=\"wp-element-caption\">Kazimierz Kukier Cz\u0142onek<\/figcaption><\/figure>\n\n\n\n<figure class=\"wp-block-image size-medium\"><img loading=\"lazy\" decoding=\"async\" width=\"247\" height=\"300\" data-id=\"1495\" src=\"http:\/\/lis33.pl\/wp-content\/uploads\/2023\/07\/PHOTO-2022-05-06-16-28-27-1152x15361-1-247x300.jpg\" alt=\"\" class=\"wp-image-1495\" srcset=\"http:\/\/lis33.pl\/wp-content\/uploads\/2023\/07\/PHOTO-2022-05-06-16-28-27-1152x15361-1-247x300.jpg 247w, http:\/\/lis33.pl\/wp-content\/uploads\/2023\/07\/PHOTO-2022-05-06-16-28-27-1152x15361-1.jpg 721w\" sizes=\"(max-width: 247px) 100vw, 247px\" \/><figcaption class=\"wp-element-caption\">X. Dawid Nowicki Cz\u0142onek<\/figcaption><\/figure>\n\n\n\n<figure class=\"wp-block-image size-full\"><img loading=\"lazy\" decoding=\"async\" width=\"346\" height=\"519\" data-id=\"127\" src=\"http:\/\/lis33.pl\/wp-content\/uploads\/2021\/04\/Grodek-Lukasz.jpg\" alt=\"\" class=\"wp-image-127\" srcset=\"http:\/\/lis33.pl\/wp-content\/uploads\/2021\/04\/Grodek-Lukasz.jpg 346w, http:\/\/lis33.pl\/wp-content\/uploads\/2021\/04\/Grodek-Lukasz-200x300.jpg 200w\" sizes=\"(max-width: 346px) 100vw, 346px\" \/><figcaption class=\"wp-element-caption\">\u0141ukasz Grodek Cz\u0142onek<\/figcaption><\/figure>\n<\/figure>\n\n\n\n<figure class=\"wp-block-gallery has-nested-images columns-default is-cropped wp-block-gallery-3 is-layout-flex wp-block-gallery-is-layout-flex\">\n<figure class=\"wp-block-image size-large\"><img loading=\"lazy\" decoding=\"async\" width=\"769\" height=\"1024\" data-id=\"158\" src=\"http:\/\/lis33.pl\/wp-content\/uploads\/2021\/04\/Skrzypiec-Cezary-769x1024.jpg\" alt=\"\" class=\"wp-image-158\" srcset=\"http:\/\/lis33.pl\/wp-content\/uploads\/2021\/04\/Skrzypiec-Cezary-769x1024.jpg 769w, http:\/\/lis33.pl\/wp-content\/uploads\/2021\/04\/Skrzypiec-Cezary-225x300.jpg 225w, http:\/\/lis33.pl\/wp-content\/uploads\/2021\/04\/Skrzypiec-Cezary-768x1023.jpg 768w, http:\/\/lis33.pl\/wp-content\/uploads\/2021\/04\/Skrzypiec-Cezary.jpg 901w\" sizes=\"(max-width: 769px) 100vw, 769px\" \/><figcaption class=\"wp-element-caption\">Cezary Skrzypiec Gospodarz Obwodu 117<\/figcaption><\/figure>\n\n\n\n<figure class=\"wp-block-image size-large\"><img loading=\"lazy\" decoding=\"async\" width=\"768\" height=\"1024\" data-id=\"154\" src=\"http:\/\/lis33.pl\/wp-content\/uploads\/2021\/04\/Siwek-Grzegorz-768x1024.jpg\" alt=\"\" class=\"wp-image-154\" srcset=\"http:\/\/lis33.pl\/wp-content\/uploads\/2021\/04\/Siwek-Grzegorz-768x1024.jpg 768w, http:\/\/lis33.pl\/wp-content\/uploads\/2021\/04\/Siwek-Grzegorz-225x300.jpg 225w, http:\/\/lis33.pl\/wp-content\/uploads\/2021\/04\/Siwek-Grzegorz.jpg 900w\" sizes=\"(max-width: 768px) 100vw, 768px\" \/><figcaption class=\"wp-element-caption\">Grzegorz Siwek Gospodarz Obwodu 117 oraz Stra\u017cnik \u0141owiecki<\/figcaption><\/figure>\n\n\n\n<figure class=\"wp-block-image size-large\"><img loading=\"lazy\" decoding=\"async\" width=\"802\" height=\"1024\" data-id=\"1490\" src=\"http:\/\/lis33.pl\/wp-content\/uploads\/2023\/06\/fb6297a8-add5-4909-9c2b-1abdda9c044c-2-802x1024.jpg\" alt=\"\" class=\"wp-image-1490\" srcset=\"http:\/\/lis33.pl\/wp-content\/uploads\/2023\/06\/fb6297a8-add5-4909-9c2b-1abdda9c044c-2-802x1024.jpg 802w, http:\/\/lis33.pl\/wp-content\/uploads\/2023\/06\/fb6297a8-add5-4909-9c2b-1abdda9c044c-2-235x300.jpg 235w, http:\/\/lis33.pl\/wp-content\/uploads\/2023\/06\/fb6297a8-add5-4909-9c2b-1abdda9c044c-2-768x981.jpg 768w, http:\/\/lis33.pl\/wp-content\/uploads\/2023\/06\/fb6297a8-add5-4909-9c2b-1abdda9c044c-2.jpg 1191w\" sizes=\"(max-width: 802px) 100vw, 802px\" \/><figcaption class=\"wp-element-caption\">S\u0142awomir Dudziak Stra\u017cnik \u0141owiecki   Obwodu 117<\/figcaption><\/figure>\n<\/figure>\n\n\n\n<figure class=\"wp-block-gallery has-nested-images columns-default is-cropped wp-block-gallery-4 is-layout-flex wp-block-gallery-is-layout-flex\">\n<figure class=\"wp-block-image size-large\"><img loading=\"lazy\" decoding=\"async\" width=\"768\" height=\"1024\" data-id=\"122\" src=\"http:\/\/lis33.pl\/wp-content\/uploads\/2021\/04\/Benet-Jakub-768x1024.jpg\" alt=\"\" class=\"wp-image-122\" srcset=\"http:\/\/lis33.pl\/wp-content\/uploads\/2021\/04\/Benet-Jakub-768x1024.jpg 768w, http:\/\/lis33.pl\/wp-content\/uploads\/2021\/04\/Benet-Jakub-225x300.jpg 225w, http:\/\/lis33.pl\/wp-content\/uploads\/2021\/04\/Benet-Jakub.jpg 800w\" sizes=\"(max-width: 768px) 100vw, 768px\" \/><figcaption class=\"wp-element-caption\">Jakub Benet Gospodarz Obwodu 118 , Stra\u017cnik \u0141owiecki<\/figcaption><\/figure>\n<\/figure>\n\n\n\n<figure class=\"wp-block-gallery has-nested-images columns-default is-cropped wp-block-gallery-5 is-layout-flex wp-block-gallery-is-layout-flex\">\n<figure class=\"wp-block-image size-large\"><img loading=\"lazy\" decoding=\"async\" width=\"735\" height=\"1024\" data-id=\"2022\" src=\"http:\/\/lis33.pl\/wp-content\/uploads\/2025\/03\/PHOTO-2025-02-26-10-44-06-735x1024.jpg\" alt=\"\" class=\"wp-image-2022\" srcset=\"http:\/\/lis33.pl\/wp-content\/uploads\/2025\/03\/PHOTO-2025-02-26-10-44-06-735x1024.jpg 735w, http:\/\/lis33.pl\/wp-content\/uploads\/2025\/03\/PHOTO-2025-02-26-10-44-06-215x300.jpg 215w, http:\/\/lis33.pl\/wp-content\/uploads\/2025\/03\/PHOTO-2025-02-26-10-44-06-768x1070.jpg 768w, http:\/\/lis33.pl\/wp-content\/uploads\/2025\/03\/PHOTO-2025-02-26-10-44-06-1103x1536.jpg 1103w, http:\/\/lis33.pl\/wp-content\/uploads\/2025\/03\/PHOTO-2025-02-26-10-44-06.jpg 1229w\" sizes=\"(max-width: 735px) 100vw, 735px\" \/><figcaption class=\"wp-element-caption\">Wojciech Dudziak Gospodarz Obwodu 118<\/figcaption><\/figure>\n<\/figure>\n","protected":false},"excerpt":{"rendered":"<p>Zarz\u0105d Ko\u0142a Komisja Rewizyjna<\/p>\n","protected":false},"author":1,"featured_media":0,"parent":0,"menu_order":0,"comment_status":"closed","ping_status":"closed","template":"","meta":{"footnotes":""},"_links":{"self":[{"href":"http:\/\/lis33.pl\/index.php\/wp-json\/wp\/v2\/pages\/16"}],"collection":[{"href":"http:\/\/lis33.pl\/index.php\/wp-json\/wp\/v2\/pages"}],"about":[{"href":"http:\/\/lis33.pl\/index.php\/wp-json\/wp\/v2\/types\/page"}],"author":[{"embeddable":true,"href":"http:\/\/lis33.pl\/index.php\/wp-json\/wp\/v2\/users\/1"}],"replies":[{"embeddable":true,"href":"http:\/\/lis33.pl\/index.php\/wp-json\/wp\/v2\/comments?post=16"}],"version-history":[{"count":24,"href":"http:\/\/lis33.pl\/index.php\/wp-json\/wp\/v2\/pages\/16\/revisions"}],"predecessor-version":[{"id":2194,"href":"http:\/\/lis33.pl\/index.php\/wp-json\/wp\/v2\/pages\/16\/revisions\/2194"}],"wp:attachment":[{"href":"http:\/\/lis33.pl\/index.php\/wp-json\/wp\/v2\/media?parent=16"}],"curies":[{"name":"wp","href":"https:\/\/api.w.org\/{rel}","templated":true}]}}